{"id":17,"date":"2018-01-23T21:22:11","date_gmt":"2018-01-23T20:22:11","guid":{"rendered":"https:\/\/polsterei-homoelle.de\/?page_id=17"},"modified":"2020-07-08T16:10:01","modified_gmt":"2020-07-08T14:10:01","slug":"kontakt","status":"publish","type":"page","link":"https:\/\/polsterei-homoelle.de\/index.php\/kontakt\/","title":{"rendered":"Kontakt"},"content":{"rendered":"<h1>So k\u00f6nnen Sie mit uns Kontakt aufnehmen:<\/h1>\n<hr \/>\n<p>Vielen Dank f\u00fcr Ihr Interesse!<\/p>\n<p>Wir freuen uns immer \u00fcber Kontaktaufnahmen, egal ob pers\u00f6nlich oder telefonisch wir beraten Sie gerne bei Ihren individuellen Raumkonzepten.<\/p>\n<hr \/>\n<p>Bernhard Hom\u00f6lle<\/p>\n<p>Inhaber<\/p>\n<p><strong>Adresse<\/strong>: 48599 Gronau-Epe Am K\u00f6nigsweg 3C<\/p>\n<p><strong>Telefonnummer<\/strong>:<a href=\"tel:+492565402220\">02565 402220<\/a> <\/p>\n<p><strong>Telefax:<\/strong><a href=\"fax:+492565402221\">02565 402221<\/a> <\/p>\n<p><strong>E-Mail:<\/strong><a href= \"mailto:polsterei.homoelle@t-online.de\">polsterei.homoelle@t-online.de<\/a> <\/p>\n<p><strong>Whatsapp:<\/strong> <a href=\"https:\/\/api.whatsapp.com\/send?phone=492565402220\">+492565402220<\/a><br \/>\n&nbsp;<\/p>\n","protected":false},"excerpt":{"rendered":"<p>So k\u00f6nnen Sie mit uns Kontakt aufnehmen: Vielen Dank f\u00fcr Ihr Interesse! Wir freuen uns immer \u00fcber Kontaktaufnahmen, egal ob pers\u00f6nlich oder telefonisch wir beraten Sie gerne bei Ihren individuellen Raumkonzepten. Bernhard Hom\u00f6lle Inhaber Adresse: 48599 Gronau-Epe Am K\u00f6nigsweg 3C Telefonnummer:02565 402220 Telefax:02565 402221 E-Mail:polsterei.homoelle@t-online.de Whatsapp: +492565402220 &nbsp;<\/p>\n","protected":false},"author":1,"featured_media":0,"parent":0,"menu_order":0,"comment_status":"closed","ping_status":"closed","template":"","meta":{"jetpack_post_was_ever_published":false,"footnotes":""},"class_list":["post-17","page","type-page","status-publish","hentry"],"jetpack_sharing_enabled":true,"jetpack_shortlink":"https:\/\/wp.me\/P9ABtd-h","jetpack_likes_enabled":true,"jetpack-related-posts":[],"_links":{"self":[{"href":"https:\/\/polsterei-homoelle.de\/index.php\/wp-json\/wp\/v2\/pages\/17","targetHints":{"allow":["GET"]}}],"collection":[{"href":"https:\/\/polsterei-homoelle.de\/index.php\/wp-json\/wp\/v2\/pages"}],"about":[{"href":"https:\/\/polsterei-homoelle.de\/index.php\/wp-json\/wp\/v2\/types\/page"}],"author":[{"embeddable":true,"href":"https:\/\/polsterei-homoelle.de\/index.php\/wp-json\/wp\/v2\/users\/1"}],"replies":[{"embeddable":true,"href":"https:\/\/polsterei-homoelle.de\/index.php\/wp-json\/wp\/v2\/comments?post=17"}],"version-history":[{"count":36,"href":"https:\/\/polsterei-homoelle.de\/index.php\/wp-json\/wp\/v2\/pages\/17\/revisions"}],"predecessor-version":[{"id":252,"href":"https:\/\/polsterei-homoelle.de\/index.php\/wp-json\/wp\/v2\/pages\/17\/revisions\/252"}],"wp:attachment":[{"href":"https:\/\/polsterei-homoelle.de\/index.php\/wp-json\/wp\/v2\/media?parent=17"}],"curies":[{"name":"wp","href":"https:\/\/api.w.org\/{rel}","templated":true}]}}