{"id":15,"date":"2018-01-23T21:22:11","date_gmt":"2018-01-23T20:22:11","guid":{"rendered":"https:\/\/polsterei-homoelle.de\/?page_id=15"},"modified":"2018-11-08T17:16:57","modified_gmt":"2018-11-08T16:16:57","slug":"startseite","status":"publish","type":"page","link":"https:\/\/polsterei-homoelle.de\/","title":{"rendered":"Willkommen bei der Polsterei Hom\u00f6lle!"},"content":{"rendered":"<p>Stilvolle Einrichtung sorgt f\u00fcr ein hohes Ma\u00df an Lebensqualit\u00e4t. Als traditionsbewusster Fachhandwerksbetrieb sind wir Ihr kompetenter Partner in allen Fragen rund um die Aufpolsterung und den Neubezug von liebgewonnenen Klassikern, edlen Einzelst\u00fccken oder in die Jahre gekommenen Familienerbst\u00fccken. Ma\u00dfgefertigte Einzelst\u00fccke geh\u00f6ren ebenfalls zu unserem Repertoire.<\/p>\n<p>In unserer Arbeit verbinden wir handwerkliche Pr\u00e4zision mit Trendgesp\u00fcr. Neben qualitativen und \u00e4sthetischen Aspekten rund um die Stoffauswahl achten wir dabei auch auf den Sitzkomfort und stimmen unsere Leistung individuell auf Ihr Wohnambiente und Ihre W\u00fcnsche ab.<\/p>\n<p>Erfahren, zuverl\u00e4ssig, kreativ \u2013 Ihre Polsterei Hom\u00f6lle.<\/p>\n\n\n<p><\/p>\n","protected":false},"excerpt":{"rendered":"<p>Stilvolle Einrichtung sorgt f\u00fcr ein hohes Ma\u00df an Lebensqualit\u00e4t. Als traditionsbewusster Fachhandwerksbetrieb sind wir Ihr kompetenter Partner in allen Fragen rund um die Aufpolsterung und den Neubezug von liebgewonnenen Klassikern, edlen Einzelst\u00fccken oder in die Jahre gekommenen Familienerbst\u00fccken. Ma\u00dfgefertigte Einzelst\u00fccke geh\u00f6ren ebenfalls zu unserem Repertoire. In unserer Arbeit verbinden wir handwerkliche Pr\u00e4zision mit Trendgesp\u00fcr. Neben [&hellip;]<\/p>\n","protected":false},"author":1,"featured_media":0,"parent":0,"menu_order":0,"comment_status":"closed","ping_status":"closed","template":"","meta":{"jetpack_post_was_ever_published":false,"footnotes":""},"class_list":["post-15","page","type-page","status-publish","hentry"],"jetpack_sharing_enabled":true,"jetpack_shortlink":"https:\/\/wp.me\/P9ABtd-f","jetpack_likes_enabled":true,"jetpack-related-posts":[],"_links":{"self":[{"href":"https:\/\/polsterei-homoelle.de\/index.php\/wp-json\/wp\/v2\/pages\/15","targetHints":{"allow":["GET"]}}],"collection":[{"href":"https:\/\/polsterei-homoelle.de\/index.php\/wp-json\/wp\/v2\/pages"}],"about":[{"href":"https:\/\/polsterei-homoelle.de\/index.php\/wp-json\/wp\/v2\/types\/page"}],"author":[{"embeddable":true,"href":"https:\/\/polsterei-homoelle.de\/index.php\/wp-json\/wp\/v2\/users\/1"}],"replies":[{"embeddable":true,"href":"https:\/\/polsterei-homoelle.de\/index.php\/wp-json\/wp\/v2\/comments?post=15"}],"version-history":[{"count":4,"href":"https:\/\/polsterei-homoelle.de\/index.php\/wp-json\/wp\/v2\/pages\/15\/revisions"}],"predecessor-version":[{"id":184,"href":"https:\/\/polsterei-homoelle.de\/index.php\/wp-json\/wp\/v2\/pages\/15\/revisions\/184"}],"wp:attachment":[{"href":"https:\/\/polsterei-homoelle.de\/index.php\/wp-json\/wp\/v2\/media?parent=15"}],"curies":[{"name":"wp","href":"https:\/\/api.w.org\/{rel}","templated":true}]}}